{"id":29025,"date":"2025-11-11T22:29:33","date_gmt":"2025-11-11T21:29:33","guid":{"rendered":"https:\/\/huisgoederen.nl\/product\/product-2\/"},"modified":"2025-11-12T22:30:21","modified_gmt":"2025-11-12T21:30:21","slug":"product-2","status":"publish","type":"product","link":"https:\/\/huisgoederen.nl\/en\/product\/product-2\/","title":{"rendered":"Aigostar Natural 30RRJ &#8211; Elektronische Koffiemolen &#8211; koffiemaler &#8211; Coffee Grinder &#8211; Kruidenmolen &#8211; BPA-vrij &#8211; 200W &#8211; Zwart"},"content":{"rendered":"<p>Maak eenvoudig je eigen verse koffie met de Aigostar koffiemolen. Maal tot 60 gram koffiebonen, noten of kruiden in \u00e9\u00e9n keer met het krachtige 200W vermogen. Met de handige \u00e9\u00e9n-druk-bediening en transparante deksel heb je altijd perfect gemalen koffie, precies zoals jij het wilt.<\/p>\n<p><strong>Wat maakt deze koffiemolen zo fijn?<\/strong><\/p>\n<ul>\n<li>Krachtige 200W motor: Maalt snel en effici\u00ebnt van grof tot fijn.<\/li>\n<li>Grote capaciteit: Maalt tot 60 gram per keer, goed voor wel 12 kopjes koffie.<\/li>\n<li>Veelzijdig in gebruik: Geschikt voor koffiebonen, noten, lijnzaad, kruiden en granen.<\/li>\n<li>E\u00e9n-druk-bediening: Houd de knop ingedrukt om te malen en laat los om te stoppen \u2013 eenvoudige bediening voor een perfect resultaat.<\/li>\n<li>Transparante deksel: Houd het maalproces eenvoudig in de gaten.<\/li>\n<li>Veiligheidsvergrendeling: Werkt alleen wanneer het deksel goed is gesloten.<\/li>\n<li>Inclusief reinigingsborstel: Makkelijk schoon te houden na gebruik.<\/li>\n<li>Antislip voetjes: Blijf stabiel staan tijdens het malen.<\/li>\n<\/ul>\n<p><strong>E\u00e9n-druk-bediening<\/strong><\/p>\n<p>Druk simpelweg met verschillende seconden op het deksel om de maalprecisie perfect te regelen. Bespaart tijd en moeite in vergelijking met een handmatige koffiemolen. Het transparante deksel maakt het mogelijk om het maalproces te volgen en grof of fijn koffiepoeder te verkrijgen voor cold brew, sterke koffie, filterkoffie, mokka, espresso, enz.<\/p>\n<p><strong>Krachtig en effici\u00ebnt malen<\/strong><\/p>\n<p>Hoogwaardige 304 messen van food-grade dubbel staal en een krachtige 200W motor zorgen voor continu malen van grof naar fijn om het oorspronkelijke rijke aroma en de olie van de koffieboon beter te behouden.<\/p>\n<p><strong>Multifunctioneel &amp; Gemiddelde Capaciteit<\/strong><\/p>\n<p>De elektrische molen is niet alleen geschikt voor het malen van koffiebonen, maar ook voor allerlei soorten kruiden, noten, granen, zaden en nog veel meer. Hij maalt tot 60 gram koffiebonen per keer, goed voor maximaal 12 kopjes koffie voor familie en vrienden.<\/p>\n<p><strong>Eenvoudig schoon te maken en veilig in gebruik<\/strong><\/p>\n<p>De koffiemolen werkt alleen als het deksel vergrendeld is. De basis is voorzien van antislip rubberen voetjes voor stabiliteit. De molen wordt geleverd met een gratis borstel voor eenvoudige reiniging.<\/p>\n<p><strong>Tips: <\/strong>Vermijd continu gebruik van langer dan 30 seconden, laat het apparaat 1 minuut afkoelen tussen de handelingen en laat het apparaat bij langdurig gebruik minimaal 15 minuten afkoelen.<\/p>","protected":false},"excerpt":{"rendered":"<p>Maak eenvoudig je eigen verse koffie met de Aigostar koffiemolen. Maal tot 60 gram koffiebonen, noten of kruiden in \u00e9\u00e9n<\/p>","protected":false},"featured_media":29135,"comment_status":"open","ping_status":"closed","template":"","meta":[],"product_brand":[],"product_cat":[145],"product_tag":[],"class_list":{"0":"post-29025","1":"product","2":"type-product","3":"status-publish","4":"has-post-thumbnail","6":"product_cat-elektrische-koffiemolen","8":"first","9":"instock","10":"taxable","11":"shipping-taxable","12":"purchasable","13":"product-type-simple"},"yoast_head":"<!-- This site is optimized with the Yoast SEO plugin v27.3 - https:\/\/yoast.com\/product\/yoast-seo-wordpress\/ -->\n<title>Aigostar Natural 30RRJ - Elektronische Koffiemolen - koffiemaler - Coffee Grinder - Kruidenmolen - BPA-vrij - 200W - Zwart - Huisgoederen.nl<\/title>\n<meta name=\"robots\" content=\"index, follow, max-snippet:-1, max-image-preview:large, max-video-preview:-1\" \/>\n<link rel=\"canonical\" href=\"https:\/\/huisgoederen.nl\/en\/product\/product-2\/\" \/>\n<meta property=\"og:locale\" content=\"en_US\" \/>\n<meta property=\"og:type\" content=\"article\" \/>\n<meta property=\"og:title\" content=\"Aigostar Natural 30RRJ - Elektronische Koffiemolen - koffiemaler - Coffee Grinder - Kruidenmolen - BPA-vrij - 200W - Zwart - Huisgoederen.nl\" \/>\n<meta property=\"og:description\" content=\"Maak eenvoudig je eigen verse koffie met de Aigostar koffiemolen. Maal tot 60 gram koffiebonen, noten of kruiden in \u00e9\u00e9n\" \/>\n<meta property=\"og:url\" content=\"https:\/\/huisgoederen.nl\/en\/product\/product-2\/\" \/>\n<meta property=\"og:site_name\" content=\"Huisgoederen.nl\" \/>\n<meta property=\"article:modified_time\" content=\"2025-11-12T21:30:21+00:00\" \/>\n<meta property=\"og:image\" content=\"https:\/\/huisgoederen.nl\/wp-content\/uploads\/2025\/11\/Aigostar-Natural-30RRJ-Elektronische-Koffiemolen-koffiemaler-Coffee-Grinder-Kruidenmolen-BPA-vrij-200W-Zwart-1.jpg\" \/>\n\t<meta property=\"og:image:width\" content=\"550\" \/>\n\t<meta property=\"og:image:height\" content=\"746\" \/>\n\t<meta property=\"og:image:type\" content=\"image\/jpeg\" \/>\n<meta name=\"twitter:card\" content=\"summary_large_image\" \/>\n<meta name=\"twitter:label1\" content=\"Est. reading time\" \/>\n\t<meta name=\"twitter:data1\" content=\"2 minutes\" \/>\n<script type=\"application\/ld+json\" class=\"yoast-schema-graph\">{\"@context\":\"https:\\\/\\\/schema.org\",\"@graph\":[{\"@type\":\"WebPage\",\"@id\":\"https:\\\/\\\/huisgoederen.nl\\\/product\\\/product-2\\\/\",\"url\":\"https:\\\/\\\/huisgoederen.nl\\\/product\\\/product-2\\\/\",\"name\":\"Aigostar Natural 30RRJ - Elektronische Koffiemolen - koffiemaler - Coffee Grinder - Kruidenmolen - BPA-vrij - 200W - Zwart - Huisgoederen.nl\",\"isPartOf\":{\"@id\":\"https:\\\/\\\/huisgoederen.nl\\\/#website\"},\"primaryImageOfPage\":{\"@id\":\"https:\\\/\\\/huisgoederen.nl\\\/product\\\/product-2\\\/#primaryimage\"},\"image\":{\"@id\":\"https:\\\/\\\/huisgoederen.nl\\\/product\\\/product-2\\\/#primaryimage\"},\"thumbnailUrl\":\"https:\\\/\\\/huisgoederen.nl\\\/wp-content\\\/uploads\\\/2025\\\/11\\\/Aigostar-Natural-30RRJ-Elektronische-Koffiemolen-koffiemaler-Coffee-Grinder-Kruidenmolen-BPA-vrij-200W-Zwart-1.jpg\",\"datePublished\":\"2025-11-11T21:29:33+00:00\",\"dateModified\":\"2025-11-12T21:30:21+00:00\",\"breadcrumb\":{\"@id\":\"https:\\\/\\\/huisgoederen.nl\\\/product\\\/product-2\\\/#breadcrumb\"},\"inLanguage\":\"en-US\",\"potentialAction\":[{\"@type\":\"ReadAction\",\"target\":[\"https:\\\/\\\/huisgoederen.nl\\\/product\\\/product-2\\\/\"]}]},{\"@type\":\"ImageObject\",\"inLanguage\":\"en-US\",\"@id\":\"https:\\\/\\\/huisgoederen.nl\\\/product\\\/product-2\\\/#primaryimage\",\"url\":\"https:\\\/\\\/huisgoederen.nl\\\/wp-content\\\/uploads\\\/2025\\\/11\\\/Aigostar-Natural-30RRJ-Elektronische-Koffiemolen-koffiemaler-Coffee-Grinder-Kruidenmolen-BPA-vrij-200W-Zwart-1.jpg\",\"contentUrl\":\"https:\\\/\\\/huisgoederen.nl\\\/wp-content\\\/uploads\\\/2025\\\/11\\\/Aigostar-Natural-30RRJ-Elektronische-Koffiemolen-koffiemaler-Coffee-Grinder-Kruidenmolen-BPA-vrij-200W-Zwart-1.jpg\",\"width\":550,\"height\":746},{\"@type\":\"BreadcrumbList\",\"@id\":\"https:\\\/\\\/huisgoederen.nl\\\/product\\\/product-2\\\/#breadcrumb\",\"itemListElement\":[{\"@type\":\"ListItem\",\"position\":1,\"name\":\"Home\",\"item\":\"https:\\\/\\\/huisgoederen.nl\\\/\"},{\"@type\":\"ListItem\",\"position\":2,\"name\":\"Shop\",\"item\":\"https:\\\/\\\/huisgoederen.nl\\\/shop\\\/\"},{\"@type\":\"ListItem\",\"position\":3,\"name\":\"Aigostar Natural 30RRJ &#8211; Elektronische Koffiemolen &#8211; koffiemaler &#8211; Coffee Grinder &#8211; Kruidenmolen &#8211; BPA-vrij &#8211; 200W &#8211; Zwart\"}]},{\"@type\":\"WebSite\",\"@id\":\"https:\\\/\\\/huisgoederen.nl\\\/#website\",\"url\":\"https:\\\/\\\/huisgoederen.nl\\\/\",\"name\":\"Huisgoederen.nl\",\"description\":\"D\u00e9 shop voor binnen en buitenshuis\",\"potentialAction\":[{\"@type\":\"SearchAction\",\"target\":{\"@type\":\"EntryPoint\",\"urlTemplate\":\"https:\\\/\\\/huisgoederen.nl\\\/?s={search_term_string}\"},\"query-input\":{\"@type\":\"PropertyValueSpecification\",\"valueRequired\":true,\"valueName\":\"search_term_string\"}}],\"inLanguage\":\"en-US\"}]}<\/script>\n<!-- \/ Yoast SEO plugin. -->","yoast_head_json":{"title":"Aigostar Natural 30RRJ - Elektronische Koffiemolen - koffiemaler - Coffee Grinder - Kruidenmolen - BPA-vrij - 200W - Zwart - Huisgoederen.nl","robots":{"index":"index","follow":"follow","max-snippet":"max-snippet:-1","max-image-preview":"max-image-preview:large","max-video-preview":"max-video-preview:-1"},"canonical":"https:\/\/huisgoederen.nl\/en\/product\/product-2\/","og_locale":"en_US","og_type":"article","og_title":"Aigostar Natural 30RRJ - Elektronische Koffiemolen - koffiemaler - Coffee Grinder - Kruidenmolen - BPA-vrij - 200W - Zwart - Huisgoederen.nl","og_description":"Maak eenvoudig je eigen verse koffie met de Aigostar koffiemolen. Maal tot 60 gram koffiebonen, noten of kruiden in \u00e9\u00e9n","og_url":"https:\/\/huisgoederen.nl\/en\/product\/product-2\/","og_site_name":"Huisgoederen.nl","article_modified_time":"2025-11-12T21:30:21+00:00","og_image":[{"width":550,"height":746,"url":"https:\/\/huisgoederen.nl\/wp-content\/uploads\/2025\/11\/Aigostar-Natural-30RRJ-Elektronische-Koffiemolen-koffiemaler-Coffee-Grinder-Kruidenmolen-BPA-vrij-200W-Zwart-1.jpg","type":"image\/jpeg"}],"twitter_card":"summary_large_image","twitter_misc":{"Est. reading time":"2 minutes"},"schema":{"@context":"https:\/\/schema.org","@graph":[{"@type":"WebPage","@id":"https:\/\/huisgoederen.nl\/product\/product-2\/","url":"https:\/\/huisgoederen.nl\/product\/product-2\/","name":"Aigostar Natural 30RRJ - Elektronische Koffiemolen - koffiemaler - Coffee Grinder - Kruidenmolen - BPA-vrij - 200W - Zwart - Huisgoederen.nl","isPartOf":{"@id":"https:\/\/huisgoederen.nl\/#website"},"primaryImageOfPage":{"@id":"https:\/\/huisgoederen.nl\/product\/product-2\/#primaryimage"},"image":{"@id":"https:\/\/huisgoederen.nl\/product\/product-2\/#primaryimage"},"thumbnailUrl":"https:\/\/huisgoederen.nl\/wp-content\/uploads\/2025\/11\/Aigostar-Natural-30RRJ-Elektronische-Koffiemolen-koffiemaler-Coffee-Grinder-Kruidenmolen-BPA-vrij-200W-Zwart-1.jpg","datePublished":"2025-11-11T21:29:33+00:00","dateModified":"2025-11-12T21:30:21+00:00","breadcrumb":{"@id":"https:\/\/huisgoederen.nl\/product\/product-2\/#breadcrumb"},"inLanguage":"en-US","potentialAction":[{"@type":"ReadAction","target":["https:\/\/huisgoederen.nl\/product\/product-2\/"]}]},{"@type":"ImageObject","inLanguage":"en-US","@id":"https:\/\/huisgoederen.nl\/product\/product-2\/#primaryimage","url":"https:\/\/huisgoederen.nl\/wp-content\/uploads\/2025\/11\/Aigostar-Natural-30RRJ-Elektronische-Koffiemolen-koffiemaler-Coffee-Grinder-Kruidenmolen-BPA-vrij-200W-Zwart-1.jpg","contentUrl":"https:\/\/huisgoederen.nl\/wp-content\/uploads\/2025\/11\/Aigostar-Natural-30RRJ-Elektronische-Koffiemolen-koffiemaler-Coffee-Grinder-Kruidenmolen-BPA-vrij-200W-Zwart-1.jpg","width":550,"height":746},{"@type":"BreadcrumbList","@id":"https:\/\/huisgoederen.nl\/product\/product-2\/#breadcrumb","itemListElement":[{"@type":"ListItem","position":1,"name":"Home","item":"https:\/\/huisgoederen.nl\/"},{"@type":"ListItem","position":2,"name":"Shop","item":"https:\/\/huisgoederen.nl\/shop\/"},{"@type":"ListItem","position":3,"name":"Aigostar Natural 30RRJ &#8211; Elektronische Koffiemolen &#8211; koffiemaler &#8211; Coffee Grinder &#8211; Kruidenmolen &#8211; BPA-vrij &#8211; 200W &#8211; Zwart"}]},{"@type":"WebSite","@id":"https:\/\/huisgoederen.nl\/#website","url":"https:\/\/huisgoederen.nl\/","name":"Huisgoederen.nl","description":"D\u00e9 shop voor binnen en buitenshuis","potentialAction":[{"@type":"SearchAction","target":{"@type":"EntryPoint","urlTemplate":"https:\/\/huisgoederen.nl\/?s={search_term_string}"},"query-input":{"@type":"PropertyValueSpecification","valueRequired":true,"valueName":"search_term_string"}}],"inLanguage":"en-US"}]}},"_links":{"self":[{"href":"https:\/\/huisgoederen.nl\/en\/wp-json\/wp\/v2\/product\/29025","targetHints":{"allow":["GET"]}}],"collection":[{"href":"https:\/\/huisgoederen.nl\/en\/wp-json\/wp\/v2\/product"}],"about":[{"href":"https:\/\/huisgoederen.nl\/en\/wp-json\/wp\/v2\/types\/product"}],"replies":[{"embeddable":true,"href":"https:\/\/huisgoederen.nl\/en\/wp-json\/wp\/v2\/comments?post=29025"}],"version-history":[{"count":2,"href":"https:\/\/huisgoederen.nl\/en\/wp-json\/wp\/v2\/product\/29025\/revisions"}],"predecessor-version":[{"id":29134,"href":"https:\/\/huisgoederen.nl\/en\/wp-json\/wp\/v2\/product\/29025\/revisions\/29134"}],"wp:featuredmedia":[{"embeddable":true,"href":"https:\/\/huisgoederen.nl\/en\/wp-json\/wp\/v2\/media\/29135"}],"wp:attachment":[{"href":"https:\/\/huisgoederen.nl\/en\/wp-json\/wp\/v2\/media?parent=29025"}],"wp:term":[{"taxonomy":"product_brand","embeddable":true,"href":"https:\/\/huisgoederen.nl\/en\/wp-json\/wp\/v2\/product_brand?post=29025"},{"taxonomy":"product_cat","embeddable":true,"href":"https:\/\/huisgoederen.nl\/en\/wp-json\/wp\/v2\/product_cat?post=29025"},{"taxonomy":"product_tag","embeddable":true,"href":"https:\/\/huisgoederen.nl\/en\/wp-json\/wp\/v2\/product_tag?post=29025"}],"curies":[{"name":"wp","href":"https:\/\/api.w.org\/{rel}","templated":true}]}}